{"id":760,"date":"2018-07-31T16:58:04","date_gmt":"2018-07-31T14:58:04","guid":{"rendered":"http:\/\/natividad.hr\/?page_id=760"},"modified":"2018-07-31T16:58:04","modified_gmt":"2018-07-31T14:58:04","slug":"privacy-policy","status":"publish","type":"page","link":"https:\/\/natividad.hr\/en\/privacy-policy\/","title":{"rendered":"Privacy Policy"},"content":{"rendered":"<\/div><\/div><\/div><!-- close content main div --><\/div><\/div><div id='faq' class='avia-section main_color avia-section-huge avia-no-border-styling avia-bg-style-scroll   container_wrap fullsize' style = 'background-color: #fcfcfc; '  ><div class='container' ><div class='template-page content  av-content-full alpha units'><div class='post-entry post-entry-type-page post-entry-760'><div class='entry-content-wrapper clearfix'>\n<div class=\"flex_column av_one_fifth  flex_column_div first  \" ><\/div><div class=\"flex_column av_three_fifth  flex_column_div av-zero-column-padding   \" style='border-radius:0px; '><div style='padding-bottom:10px;font-size:40px;' class='av-special-heading av-special-heading-h1  blockquote modern-quote modern-centered  av-inherit-size '><h1 class='av-special-heading-tag '  itemprop=\"headline\"  >Statement<\/h1><div class='special-heading-border'><div class='special-heading-inner-border' ><\/div><\/div><\/div><\/div><div class=\"flex_column av_one_fifth  flex_column_div av-zero-column-padding   \" style='border-radius:0px; '><\/div><div style=' margin-top:70px; margin-bottom:70px;'  class='hr hr-custom hr-center hr-icon-no  '><span class='hr-inner   inner-border-av-border-fat' style=' width:50px; border-color:#000000;' ><span class='hr-inner-style'><\/span><\/span><\/div>\n<div class=\"flex_column av_one_half  flex_column_div first  \" ><section class=\"av_textblock_section \"  itemscope=\"itemscope\" itemtype=\"https:\/\/schema.org\/CreativeWork\" ><div class='avia_textblock  '   itemprop=\"text\" ><h4>O ustupanju na kori\u0161tenje osobnih podataka NATIVIDAD d.o.o. , Split<\/h4>\n<p><strong>Pristupanjem ovoj kontakt formi dajem izri\u010ditu suglasnost i privolu Natividad d.o.o. za Split, OIB: 80979548447, a na temelju Zakona o za\u0161titi osobnih podataka, za:<\/strong><\/p>\n<ul>\n<li>kori\u0161tenje svih osobnih podataka, uklju\u010duju\u0107i i OIB-a, koje sam dobrovoljno stavio\/la na raspolaganje tijekom poslovnog odnosa sa Natividad d.o.o., Split<\/li>\n<li>preno\u0161enje svih osobnih podataka radi obrade i\/ili ustupanje na kori\u0161tenje u zemlji i inozemstvu u svrhu davanja mi\u0161ljenja \/ odgovora na upite<\/li>\n<li>razmjenu osobnih podataka sukladno pozitivnim zakonima iz domene poslovanja<\/li>\n<\/ul>\n<\/div><\/section><\/div><div class=\"flex_column av_one_half  flex_column_div av-zero-column-padding   \" style='border-radius:0px; '><section class=\"av_textblock_section \"  itemscope=\"itemscope\" itemtype=\"https:\/\/schema.org\/CreativeWork\" ><div class='avia_textblock  '   itemprop=\"text\" ><p><strong>Isto tako prihva\u0107anjem ove Izjave potvr\u0111ujem:<\/strong><\/p>\n<ul>\n<li>da je Natividad d.o.o., Split voditelj zbirke osobnih podataka;<\/li>\n<li>da sam upoznat\/a s pravom kako u svako doba mogu odustati od ove suglasnosti i daljnje obrade te sam upoznat\/a sa posljedicama istog;<\/li>\n<li>da sam upoznat\/a s pravom na ispravak neto\u010dnih osobnih podataka;<\/li>\n<li>da sam upoznat\/a da \u0107e osobni podaci biti obrisani povla\u010denjem privole ili pozitivnom zakonskim praksom;<\/li>\n<li>da osobne podatke Natividad d.o.o., Split koristi u svrhu moje nedvojbene identifikacije i za\u0161tite.<\/li>\n<\/ul>\n<p><strong>Upoznat sam kako prigovore i upite za podru\u010dje za\u0161tite osobnih podatka mogu uputi nadzornom tijelu Agencije za za\u0161titu osobnih podataka (AZOP) azop@azop.hr<\/strong><\/p>\n<h4><\/h4>\n<\/div><\/section><\/div>\n","protected":false},"excerpt":{"rendered":"","protected":false},"author":1,"featured_media":0,"parent":0,"menu_order":0,"comment_status":"closed","ping_status":"closed","template":"","meta":{"footnotes":""},"class_list":["post-760","page","type-page","status-publish","hentry"],"_links":{"self":[{"href":"https:\/\/natividad.hr\/en\/wp-json\/wp\/v2\/pages\/760","targetHints":{"allow":["GET"]}}],"collection":[{"href":"https:\/\/natividad.hr\/en\/wp-json\/wp\/v2\/pages"}],"about":[{"href":"https:\/\/natividad.hr\/en\/wp-json\/wp\/v2\/types\/page"}],"author":[{"embeddable":true,"href":"https:\/\/natividad.hr\/en\/wp-json\/wp\/v2\/users\/1"}],"replies":[{"embeddable":true,"href":"https:\/\/natividad.hr\/en\/wp-json\/wp\/v2\/comments?post=760"}],"version-history":[{"count":2,"href":"https:\/\/natividad.hr\/en\/wp-json\/wp\/v2\/pages\/760\/revisions"}],"predecessor-version":[{"id":763,"href":"https:\/\/natividad.hr\/en\/wp-json\/wp\/v2\/pages\/760\/revisions\/763"}],"wp:attachment":[{"href":"https:\/\/natividad.hr\/en\/wp-json\/wp\/v2\/media?parent=760"}],"curies":[{"name":"wp","href":"https:\/\/api.w.org\/{rel}","templated":true}]}}